{"id":319,"date":"2024-08-20T15:32:00","date_gmt":"2024-08-20T15:32:00","guid":{"rendered":"https:\/\/resovia.net\/?page_id=319"},"modified":"2024-08-22T08:31:06","modified_gmt":"2024-08-22T08:31:06","slug":"zwroty","status":"publish","type":"page","link":"https:\/\/resovia.net\/?page_id=319","title":{"rendered":"Polityka zwrot\u00f3w"},"content":{"rendered":"\n<h4 class=\"wp-block-heading\">Za\u0142\u0105cznik nr 1 do Regulaminu<\/h4>\n\n\n\n<p>Poni\u017cej znajduje si\u0119 wz\u00f3r formularza odst\u0105pienia od umowy, z kt\u00f3rego Konsument mo\u017ce, ale nie musi skorzysta\u0107:<\/p>\n\n\n\n<p><strong>WZ\u00d3R FORMULARZA ODST\u0104PIENIA OD UMOWY<\/strong><br>(formularz ten nale\u017cy wype\u0142ni\u0107 i odes\u0142a\u0107 tylko w przypadku ch\u0119ci odst\u0105pienia od umowy)<\/p>\n\n\n\n<p>RESOVIA Ma\u0142gorzata Paku\u0142a<br>ul. \u015aw. Miko\u0142aja 7, 35-001 Rzesz\u00f3w<br>adres e-mail: sklep@resovia.net<\/p>\n\n\n\n<p>\u2013 Ja\/My(*) \u2026\u2026\u2026\u2026\u2026\u2026\u2026\u2026\u2026\u2026\u2026\u2026\u2026\u2026\u2026\u2026\u2026\u2026\u2026\u2026\u2026\u2026\u2026 niniejszym informuj\u0119\/informujemy(*) o moim\/naszym odst\u0105pieniu od umowy sprzeda\u017cy nast\u0119puj\u0105cych towar\u00f3w(*) \/ o \u015bwiadczenie nast\u0119puj\u0105cej us\u0142ugi(*):<br><br>\u2026\u2026\u2026\u2026\u2026\u2026\u2026\u2026\u2026\u2026\u2026\u2026\u2026\u2026\u2026\u2026\u2026\u2026\u2026\u2026\u2026\u2026\u2026\u2026\u2026\u2026\u2026\u2026\u2026\u2026\u2026\u2026\u2026\u2026\u2026\u2026\u2026\u2026\u2026\u2026\u2026\u2026\u2026\u2026\u2026\u2026\u2026\u2026\u2026\u2026\u2026\u2026\u2026\u2026\u2026\u2026\u2026\u2026<br><br>\u2026\u2026\u2026\u2026\u2026\u2026\u2026\u2026\u2026\u2026\u2026\u2026\u2026\u2026\u2026\u2026\u2026\u2026\u2026\u2026\u2026\u2026\u2026\u2026\u2026\u2026\u2026\u2026\u2026\u2026\u2026\u2026\u2026\u2026\u2026\u2026\u2026\u2026\u2026\u2026\u2026\u2026\u2026\u2026\u2026\u2026\u2026\u2026\u2026\u2026\u2026\u2026\u2026\u2026\u2026\u2026\u2026\u2026<br><br>\u2026\u2026\u2026\u2026\u2026\u2026\u2026\u2026\u2026\u2026\u2026\u2026\u2026\u2026\u2026\u2026\u2026\u2026\u2026\u2026\u2026\u2026\u2026\u2026\u2026\u2026\u2026\u2026\u2026\u2026\u2026\u2026\u2026\u2026\u2026\u2026\u2026\u2026\u2026\u2026\u2026\u2026\u2026\u2026\u2026\u2026\u2026\u2026\u2026\u2026\u2026\u2026\u2026\u2026\u2026\u2026\u2026\u2026<\/p>\n\n\n\n<p>\u2013 Data zawarcia umowy<sup>(*)<\/sup>\/odbioru<sup>(*)<\/sup><br><br>\u2026\u2026\u2026\u2026\u2026\u2026\u2026\u2026\u2026\u2026\u2026\u2026\u2026\u2026\u2026\u2026\u2026\u2026\u2026\u2026\u2026\u2026\u2026\u2026\u2026\u2026\u2026\u2026\u2026\u2026\u2026\u2026\u2026\u2026\u2026\u2026\u2026\u2026\u2026\u2026\u2026\u2026\u2026\u2026\u2026\u2026\u2026\u2026\u2026\u2026\u2026\u2026\u2026\u2026\u2026\u2026\u2026\u2026<br><br>\u2013 Imi\u0119 i nazwisko Konsumenta(-\u00f3w)<br><br>\u2026\u2026\u2026\u2026\u2026\u2026\u2026\u2026\u2026\u2026\u2026\u2026\u2026\u2026\u2026\u2026\u2026\u2026\u2026\u2026\u2026\u2026\u2026\u2026\u2026\u2026\u2026\u2026\u2026\u2026\u2026\u2026\u2026\u2026\u2026\u2026\u2026\u2026\u2026\u2026\u2026\u2026\u2026\u2026\u2026\u2026\u2026\u2026\u2026\u2026\u2026\u2026\u2026\u2026\u2026\u2026\u2026\u2026<br><br>\u2013 Adres Konsumenta(-\u00f3w) <br><br>\u2026\u2026\u2026\u2026\u2026\u2026\u2026\u2026\u2026\u2026\u2026\u2026\u2026\u2026\u2026\u2026\u2026\u2026\u2026\u2026\u2026\u2026\u2026\u2026\u2026\u2026\u2026\u2026\u2026\u2026\u2026\u2026\u2026\u2026\u2026\u2026\u2026\u2026\u2026\u2026\u2026\u2026\u2026\u2026\u2026\u2026\u2026\u2026\u2026\u2026\u2026\u2026\u2026\u2026\u2026\u2026\u2026\u2026<br><br>\u2026\u2026\u2026\u2026\u2026\u2026\u2026\u2026\u2026\u2026\u2026\u2026\u2026\u2026\u2026\u2026\u2026\u2026\u2026\u2026\u2026\u2026\u2026\u2026\u2026\u2026\u2026\u2026\u2026\u2026\u2026\u2026\u2026\u2026\u2026\u2026\u2026\u2026\u2026\u2026\u2026\u2026\u2026\u2026\u2026\u2026\u2026\u2026\u2026\u2026\u2026\u2026\u2026\u2026\u2026\u2026\u2026\u2026<\/p>\n\n\n\n<p>\u2026\u2026\u2026\u2026\u2026\u2026\u2026\u2026\u2026\u2026\u2026\u2026\u2026\u2026\u2026\u2026\u2026\u2026\u2026\u2026\u2026\u2026\u2026\u2026\u2026\u2026\u2026\u2026\u2026\u2026\u2026<br>Podpis Konsumenta(-\u00f3w) <br><small>(tylko je\u017celi formularz jest przesy\u0142any w wersji papierowej)<\/small><br><br>Data \u2026\u2026\u2026\u2026\u2026\u2026\u2026\u2026\u2026\u2026\u2026\u2026\u2026\u2026..<\/p>\n\n\n\n<p><small>(*) Niepotrzebne skre\u015bli\u0107.<\/small><\/p>\n\n\n\n<p><\/p>\n","protected":false},"excerpt":{"rendered":"<p>Za\u0142\u0105cznik nr 1 do Regulaminu Poni\u017cej znajduje si\u0119 wz\u00f3r formularza odst\u0105pienia od umowy, z kt\u00f3rego Konsument mo\u017ce, ale nie musi skorzysta\u0107: WZ\u00d3R FORMULARZA ODST\u0104PIENIA OD UMOWY(formularz ten nale\u017cy wype\u0142ni\u0107 i odes\u0142a\u0107 tylko w przypadku ch\u0119ci odst\u0105pienia od umowy) RESOVIA Ma\u0142gorzata Paku\u0142aul. \u015aw. Miko\u0142aja 7, 35-001 Rzesz\u00f3wadres e-mail: sklep@resovia.net \u2013 Ja\/My(*) \u2026\u2026\u2026\u2026\u2026\u2026\u2026\u2026\u2026\u2026\u2026\u2026\u2026\u2026\u2026\u2026\u2026\u2026\u2026\u2026\u2026\u2026\u2026 niniejszym informuj\u0119\/informujemy(*) o moim\/naszym [&hellip;]<\/p>\n","protected":false},"author":1,"featured_media":0,"parent":0,"menu_order":0,"comment_status":"closed","ping_status":"closed","template":"","meta":{"footnotes":""},"class_list":["post-319","page","type-page","status-publish","czr-hentry"],"_links":{"self":[{"href":"https:\/\/resovia.net\/index.php?rest_route=\/wp\/v2\/pages\/319","targetHints":{"allow":["GET"]}}],"collection":[{"href":"https:\/\/resovia.net\/index.php?rest_route=\/wp\/v2\/pages"}],"about":[{"href":"https:\/\/resovia.net\/index.php?rest_route=\/wp\/v2\/types\/page"}],"author":[{"embeddable":true,"href":"https:\/\/resovia.net\/index.php?rest_route=\/wp\/v2\/users\/1"}],"replies":[{"embeddable":true,"href":"https:\/\/resovia.net\/index.php?rest_route=%2Fwp%2Fv2%2Fcomments&post=319"}],"version-history":[{"count":2,"href":"https:\/\/resovia.net\/index.php?rest_route=\/wp\/v2\/pages\/319\/revisions"}],"predecessor-version":[{"id":495,"href":"https:\/\/resovia.net\/index.php?rest_route=\/wp\/v2\/pages\/319\/revisions\/495"}],"wp:attachment":[{"href":"https:\/\/resovia.net\/index.php?rest_route=%2Fwp%2Fv2%2Fmedia&parent=319"}],"curies":[{"name":"wp","href":"https:\/\/api.w.org\/{rel}","templated":true}]}}