{"id":375,"date":"2024-08-14T18:56:08","date_gmt":"2024-08-14T18:56:08","guid":{"rendered":"https:\/\/resovia.net\/?post_type=product&#038;p=375"},"modified":"2025-11-07T15:13:58","modified_gmt":"2025-11-07T15:13:58","slug":"love-me-babe-od-romalgo-t-shirt-koszulka-unisex","status":"publish","type":"product","link":"https:\/\/resovia.net\/?product=love-me-babe-od-romalgo-t-shirt-koszulka-unisex","title":{"rendered":"LOVE ME BABE od ROMALGO t-shirt koszulka UNISEX"},"content":{"rendered":"<p>Single Jersey, 100 % bawe\u0142na, wyko\u0144czenie silikonowe <em>-wyko\u0144czenie tkaniny, w kt\u00f3rej w\u0142\u00f3kno tekstylne jest ca\u0142kowicie g\u0142adkie.<\/em><\/p>\n<ul>\n<li>Bez szw\u00f3w bocznych.<\/li>\n<li>W\u0105ska lam\u00f3wka z dzianiny \u015bci\u0105gaczowej 1:1 z dodatkiem 5 % elastanu.<\/li>\n<li>Ta\u015bma wzmacniaj\u0105ca na ramionach.<\/li>\n<li>Wyko\u0144czenie silikonowe.<\/li>\n<\/ul>\n<p>Regularny kr\u00f3j, okr\u0105g\u0142y dekolt, kr\u00f3tkie r\u0119kawy.<\/p>\n<p>Druk: DTF<\/p>\n<p>Ple\u0107: UNISEX<\/p>\n<p>Sk\u0142ad materia\u0142u: 95% bawe\u0142na, 5 % elastan<\/p>\n<p>Pra\u0107 w 40\u00b0C<\/p>\n","protected":false},"excerpt":{"rendered":"<p>Single Jersey, 100 % bawe\u0142na, wyko\u0144czenie silikonowe -wyko\u0144czenie tkaniny, w kt\u00f3rej w\u0142\u00f3kno tekstylne jest ca\u0142kowicie g\u0142adkie. Bez szw\u00f3w bocznych. W\u0105ska lam\u00f3wka z dzianiny \u015bci\u0105gaczowej 1:1 z dodatkiem 5 % elastanu. Ta\u015bma wzmacniaj\u0105ca na ramionach. Wyko\u0144czenie silikonowe. Regularny kr\u00f3j, okr\u0105g\u0142y dekolt, kr\u00f3tkie r\u0119kawy. Druk: DTF Ple\u0107: UNISEX Sk\u0142ad materia\u0142u: 95% bawe\u0142na, 5 % elastan Pra\u0107 w [&hellip;]<\/p>\n","protected":false},"featured_media":365,"comment_status":"open","ping_status":"closed","template":"","meta":[],"product_brand":[],"product_cat":[50],"product_tag":[54,51,52,53,55],"class_list":{"0":"post-375","1":"product","2":"type-product","3":"status-publish","4":"has-post-thumbnail","6":"product_cat-koszulki","7":"product_tag-koszulka","8":"product_tag-love-me-babe","9":"product_tag-romalgo","10":"product_tag-t-shirt","11":"product_tag-unisex","13":"first","14":"instock","15":"taxable","16":"shipping-taxable","17":"purchasable","18":"product-type-simple","19":"czr-hentry"},"_links":{"self":[{"href":"https:\/\/resovia.net\/index.php?rest_route=\/wp\/v2\/product\/375","targetHints":{"allow":["GET"]}}],"collection":[{"href":"https:\/\/resovia.net\/index.php?rest_route=\/wp\/v2\/product"}],"about":[{"href":"https:\/\/resovia.net\/index.php?rest_route=\/wp\/v2\/types\/product"}],"replies":[{"embeddable":true,"href":"https:\/\/resovia.net\/index.php?rest_route=%2Fwp%2Fv2%2Fcomments&post=375"}],"wp:featuredmedia":[{"embeddable":true,"href":"https:\/\/resovia.net\/index.php?rest_route=\/wp\/v2\/media\/365"}],"wp:attachment":[{"href":"https:\/\/resovia.net\/index.php?rest_route=%2Fwp%2Fv2%2Fmedia&parent=375"}],"wp:term":[{"taxonomy":"product_brand","embeddable":true,"href":"https:\/\/resovia.net\/index.php?rest_route=%2Fwp%2Fv2%2Fproduct_brand&post=375"},{"taxonomy":"product_cat","embeddable":true,"href":"https:\/\/resovia.net\/index.php?rest_route=%2Fwp%2Fv2%2Fproduct_cat&post=375"},{"taxonomy":"product_tag","embeddable":true,"href":"https:\/\/resovia.net\/index.php?rest_route=%2Fwp%2Fv2%2Fproduct_tag&post=375"}],"curies":[{"name":"wp","href":"https:\/\/api.w.org\/{rel}","templated":true}]}}